{"id":4443,"date":"2022-07-17T23:08:38","date_gmt":"2022-07-17T22:08:38","guid":{"rendered":"https:\/\/www.salt.fo\/?page_id=4443"},"modified":"2022-07-22T13:30:04","modified_gmt":"2022-07-22T12:30:04","slug":"salt-kafein-hja-breydvirkinum","status":"publish","type":"page","link":"https:\/\/www.salt.fo\/en\/salt-kafein-hja-breydvirkinum\/","title":{"rendered":"Salt kaf\u00e9\u00b4in hj\u00e1 Brey\u00f0virkinum (Caf\u00e9)"},"content":{"rendered":"<p>*The Caf\u00e9 is closed on \u00d3lavs\u00f8ka and reopens on Wednesday 3. aug<\/p>\n<p>Opening hours:<\/p>\n<p>Monday\u00a0 \u00a0 \u00a0 \u00a0 \u00a0 \u00a0 \u00a0 \u00a0 \u00a0closed<\/p>\n<p>Tuesday\u00a0 \u00a0 \u00a0 \u00a0 \u00a0 \u00a0 \u00a0 \u00a0 \u00a0closed<\/p>\n<p>Wednesday\u00a0 \u00a0 \u00a0 \u00a0 \u00a0 \u00a013.00-17.00<\/p>\n<p>Thursday\u00a0 \u00a0 \u00a0 \u00a0 \u00a0 \u00a0 \u00a0 \u00a013.00-17.00<\/p>\n<p>Friday\u00a0 \u00a0 \u00a0 \u00a0 \u00a0 \u00a0 \u00a0 \u00a0 \u00a0 \u00a0 13.00-17.00<\/p>\n<p>Saturday\u00a0 \u00a0 \u00a0 \u00a0 \u00a0 \u00a0 \u00a0 \u00a011.00-17.00<\/p>\n<p>Sunday\u00a0 \u00a0 \u00a0 \u00a0 \u00a0 \u00a0 \u00a0 \u00a0 \u00a0 13.00-17.00<\/p>\n<p>&nbsp;<\/p>\n<p>Looking forward to seeing you! &lt;3<\/p>\n<p>&nbsp;<\/p>\n","protected":false},"excerpt":{"rendered":"<p>*The Caf\u00e9 is closed on \u00d3lavs\u00f8ka and reopens on Wednesday 3. aug Opening hours: Monday\u00a0 \u00a0 \u00a0 \u00a0 \u00a0 \u00a0 \u00a0 \u00a0 \u00a0closed Tuesday\u00a0 \u00a0 \u00a0 \u00a0 \u00a0 \u00a0 \u00a0 [&hellip;]<\/p>\n","protected":false},"author":7,"featured_media":4376,"parent":0,"menu_order":0,"comment_status":"closed","ping_status":"closed","template":"","meta":{"_acf_changed":false,"footnotes":"","_links_to":"","_links_to_target":""},"class_list":["post-4443","page","type-page","status-publish","has-post-thumbnail","hentry"],"acf":[],"yoast_head":"<!-- This site is optimized with the Yoast SEO plugin v27.5 - https:\/\/yoast.com\/product\/yoast-seo-wordpress\/ -->\n<title>Salt kaf\u00e9\u00b4in hj\u00e1 Brey\u00f0virkinum (Caf\u00e9) - SALT<\/title>\n<meta name=\"robots\" content=\"index, follow, max-snippet:-1, max-image-preview:large, max-video-preview:-1\" \/>\n<link rel=\"canonical\" href=\"https:\/\/www.salt.fo\/en\/salt-kafein-hja-breydvirkinum\/\" \/>\n<meta property=\"og:locale\" content=\"en_US\" \/>\n<meta property=\"og:type\" content=\"article\" \/>\n<meta property=\"og:title\" content=\"Salt kaf\u00e9\u00b4in hj\u00e1 Brey\u00f0virkinum (Caf\u00e9) - SALT\" \/>\n<meta property=\"og:description\" content=\"*The Caf\u00e9 is closed on \u00d3lavs\u00f8ka and reopens on Wednesday 3. aug Opening hours: Monday\u00a0 \u00a0 \u00a0 \u00a0 \u00a0 \u00a0 \u00a0 \u00a0 \u00a0closed Tuesday\u00a0 \u00a0 \u00a0 \u00a0 \u00a0 \u00a0 \u00a0 [&hellip;]\" \/>\n<meta property=\"og:url\" content=\"https:\/\/www.salt.fo\/en\/salt-kafein-hja-breydvirkinum\/\" \/>\n<meta property=\"og:site_name\" content=\"SALT\" \/>\n<meta property=\"article:publisher\" content=\"https:\/\/www.facebook.com\/ProjektSALT\/\" \/>\n<meta property=\"article:modified_time\" content=\"2022-07-22T12:30:04+00:00\" \/>\n<meta property=\"og:image\" content=\"https:\/\/www.salt.fo\/wp-content\/uploads\/2022\/05\/breydvikird-1.jpg\" \/>\n\t<meta property=\"og:image:width\" content=\"750\" \/>\n\t<meta property=\"og:image:height\" content=\"750\" \/>\n\t<meta property=\"og:image:type\" content=\"image\/jpeg\" \/>\n<meta name=\"twitter:card\" content=\"summary_large_image\" \/>\n<meta name=\"twitter:label1\" content=\"Est. reading time\" \/>\n\t<meta name=\"twitter:data1\" content=\"1 minute\" \/>\n<script type=\"application\/ld+json\" class=\"yoast-schema-graph\">{\"@context\":\"https:\\\/\\\/schema.org\",\"@graph\":[{\"@type\":\"WebPage\",\"@id\":\"https:\\\/\\\/www.salt.fo\\\/en\\\/salt-kafein-hja-breydvirkinum\\\/\",\"url\":\"https:\\\/\\\/www.salt.fo\\\/en\\\/salt-kafein-hja-breydvirkinum\\\/\",\"name\":\"Salt kaf\u00e9\u00b4in hj\u00e1 Brey\u00f0virkinum (Caf\u00e9) - SALT\",\"isPartOf\":{\"@id\":\"https:\\\/\\\/www.salt.fo\\\/#website\"},\"primaryImageOfPage\":{\"@id\":\"https:\\\/\\\/www.salt.fo\\\/en\\\/salt-kafein-hja-breydvirkinum\\\/#primaryimage\"},\"image\":{\"@id\":\"https:\\\/\\\/www.salt.fo\\\/en\\\/salt-kafein-hja-breydvirkinum\\\/#primaryimage\"},\"thumbnailUrl\":\"https:\\\/\\\/www.salt.fo\\\/wp-content\\\/uploads\\\/2022\\\/05\\\/breydvikird-1.jpg\",\"datePublished\":\"2022-07-17T22:08:38+00:00\",\"dateModified\":\"2022-07-22T12:30:04+00:00\",\"breadcrumb\":{\"@id\":\"https:\\\/\\\/www.salt.fo\\\/en\\\/salt-kafein-hja-breydvirkinum\\\/#breadcrumb\"},\"inLanguage\":\"en-US\",\"potentialAction\":[{\"@type\":\"ReadAction\",\"target\":[\"https:\\\/\\\/www.salt.fo\\\/en\\\/salt-kafein-hja-breydvirkinum\\\/\"]}]},{\"@type\":\"ImageObject\",\"inLanguage\":\"en-US\",\"@id\":\"https:\\\/\\\/www.salt.fo\\\/en\\\/salt-kafein-hja-breydvirkinum\\\/#primaryimage\",\"url\":\"https:\\\/\\\/www.salt.fo\\\/wp-content\\\/uploads\\\/2022\\\/05\\\/breydvikird-1.jpg\",\"contentUrl\":\"https:\\\/\\\/www.salt.fo\\\/wp-content\\\/uploads\\\/2022\\\/05\\\/breydvikird-1.jpg\",\"width\":750,\"height\":750},{\"@type\":\"BreadcrumbList\",\"@id\":\"https:\\\/\\\/www.salt.fo\\\/en\\\/salt-kafein-hja-breydvirkinum\\\/#breadcrumb\",\"itemListElement\":[{\"@type\":\"ListItem\",\"position\":1,\"name\":\"Home\",\"item\":\"https:\\\/\\\/www.salt.fo\\\/\"},{\"@type\":\"ListItem\",\"position\":2,\"name\":\"Salt kaf\u00e9\u00b4in hj\u00e1 Brey\u00f0virkinum (Caf\u00e9)\"}]},{\"@type\":\"WebSite\",\"@id\":\"https:\\\/\\\/www.salt.fo\\\/#website\",\"url\":\"https:\\\/\\\/www.salt.fo\\\/\",\"name\":\"SALT\",\"description\":\"Sound Art Live Theatre\",\"potentialAction\":[{\"@type\":\"SearchAction\",\"target\":{\"@type\":\"EntryPoint\",\"urlTemplate\":\"https:\\\/\\\/www.salt.fo\\\/?s={search_term_string}\"},\"query-input\":{\"@type\":\"PropertyValueSpecification\",\"valueRequired\":true,\"valueName\":\"search_term_string\"}}],\"inLanguage\":\"en-US\"}]}<\/script>\n<!-- \/ Yoast SEO plugin. -->","yoast_head_json":{"title":"Salt kaf\u00e9\u00b4in hj\u00e1 Brey\u00f0virkinum (Caf\u00e9) - SALT","robots":{"index":"index","follow":"follow","max-snippet":"max-snippet:-1","max-image-preview":"max-image-preview:large","max-video-preview":"max-video-preview:-1"},"canonical":"https:\/\/www.salt.fo\/en\/salt-kafein-hja-breydvirkinum\/","og_locale":"en_US","og_type":"article","og_title":"Salt kaf\u00e9\u00b4in hj\u00e1 Brey\u00f0virkinum (Caf\u00e9) - SALT","og_description":"*The Caf\u00e9 is closed on \u00d3lavs\u00f8ka and reopens on Wednesday 3. aug Opening hours: Monday\u00a0 \u00a0 \u00a0 \u00a0 \u00a0 \u00a0 \u00a0 \u00a0 \u00a0closed Tuesday\u00a0 \u00a0 \u00a0 \u00a0 \u00a0 \u00a0 \u00a0 [&hellip;]","og_url":"https:\/\/www.salt.fo\/en\/salt-kafein-hja-breydvirkinum\/","og_site_name":"SALT","article_publisher":"https:\/\/www.facebook.com\/ProjektSALT\/","article_modified_time":"2022-07-22T12:30:04+00:00","og_image":[{"width":750,"height":750,"url":"https:\/\/www.salt.fo\/wp-content\/uploads\/2022\/05\/breydvikird-1.jpg","type":"image\/jpeg"}],"twitter_card":"summary_large_image","twitter_misc":{"Est. reading time":"1 minute"},"schema":{"@context":"https:\/\/schema.org","@graph":[{"@type":"WebPage","@id":"https:\/\/www.salt.fo\/en\/salt-kafein-hja-breydvirkinum\/","url":"https:\/\/www.salt.fo\/en\/salt-kafein-hja-breydvirkinum\/","name":"Salt kaf\u00e9\u00b4in hj\u00e1 Brey\u00f0virkinum (Caf\u00e9) - SALT","isPartOf":{"@id":"https:\/\/www.salt.fo\/#website"},"primaryImageOfPage":{"@id":"https:\/\/www.salt.fo\/en\/salt-kafein-hja-breydvirkinum\/#primaryimage"},"image":{"@id":"https:\/\/www.salt.fo\/en\/salt-kafein-hja-breydvirkinum\/#primaryimage"},"thumbnailUrl":"https:\/\/www.salt.fo\/wp-content\/uploads\/2022\/05\/breydvikird-1.jpg","datePublished":"2022-07-17T22:08:38+00:00","dateModified":"2022-07-22T12:30:04+00:00","breadcrumb":{"@id":"https:\/\/www.salt.fo\/en\/salt-kafein-hja-breydvirkinum\/#breadcrumb"},"inLanguage":"en-US","potentialAction":[{"@type":"ReadAction","target":["https:\/\/www.salt.fo\/en\/salt-kafein-hja-breydvirkinum\/"]}]},{"@type":"ImageObject","inLanguage":"en-US","@id":"https:\/\/www.salt.fo\/en\/salt-kafein-hja-breydvirkinum\/#primaryimage","url":"https:\/\/www.salt.fo\/wp-content\/uploads\/2022\/05\/breydvikird-1.jpg","contentUrl":"https:\/\/www.salt.fo\/wp-content\/uploads\/2022\/05\/breydvikird-1.jpg","width":750,"height":750},{"@type":"BreadcrumbList","@id":"https:\/\/www.salt.fo\/en\/salt-kafein-hja-breydvirkinum\/#breadcrumb","itemListElement":[{"@type":"ListItem","position":1,"name":"Home","item":"https:\/\/www.salt.fo\/"},{"@type":"ListItem","position":2,"name":"Salt kaf\u00e9\u00b4in hj\u00e1 Brey\u00f0virkinum (Caf\u00e9)"}]},{"@type":"WebSite","@id":"https:\/\/www.salt.fo\/#website","url":"https:\/\/www.salt.fo\/","name":"SALT","description":"Sound Art Live Theatre","potentialAction":[{"@type":"SearchAction","target":{"@type":"EntryPoint","urlTemplate":"https:\/\/www.salt.fo\/?s={search_term_string}"},"query-input":{"@type":"PropertyValueSpecification","valueRequired":true,"valueName":"search_term_string"}}],"inLanguage":"en-US"}]}},"_links":{"self":[{"href":"https:\/\/www.salt.fo\/en\/wp-json\/wp\/v2\/pages\/4443","targetHints":{"allow":["GET"]}}],"collection":[{"href":"https:\/\/www.salt.fo\/en\/wp-json\/wp\/v2\/pages"}],"about":[{"href":"https:\/\/www.salt.fo\/en\/wp-json\/wp\/v2\/types\/page"}],"author":[{"embeddable":true,"href":"https:\/\/www.salt.fo\/en\/wp-json\/wp\/v2\/users\/7"}],"replies":[{"embeddable":true,"href":"https:\/\/www.salt.fo\/en\/wp-json\/wp\/v2\/comments?post=4443"}],"version-history":[{"count":3,"href":"https:\/\/www.salt.fo\/en\/wp-json\/wp\/v2\/pages\/4443\/revisions"}],"predecessor-version":[{"id":4467,"href":"https:\/\/www.salt.fo\/en\/wp-json\/wp\/v2\/pages\/4443\/revisions\/4467"}],"wp:featuredmedia":[{"embeddable":true,"href":"https:\/\/www.salt.fo\/en\/wp-json\/wp\/v2\/media\/4376"}],"wp:attachment":[{"href":"https:\/\/www.salt.fo\/en\/wp-json\/wp\/v2\/media?parent=4443"}],"curies":[{"name":"wp","href":"https:\/\/api.w.org\/{rel}","templated":true}]}}