{"id":316,"date":"2018-04-11T08:23:59","date_gmt":"2018-04-11T08:23:59","guid":{"rendered":"http:\/\/saltsilo.wpengine.com\/?page_id=316"},"modified":"2026-01-27T13:17:38","modified_gmt":"2026-01-27T13:17:38","slug":"about","status":"publish","type":"page","link":"https:\/\/www.salt.fo\/en\/about\/","title":{"rendered":"About"},"content":{"rendered":"<p style=\"text-align: center;\">SALT<br \/>\nDrelnes 22<br \/>\n827 \u00d8rav\u00edk<br \/>\nsalt@salt.fo<\/p>\n<p style=\"text-align: center;\"><img loading=\"lazy\" decoding=\"async\" class=\"alignnone wp-image-4178\" src=\"https:\/\/www.salt.fo\/wp-content\/uploads\/2022\/04\/SALT-LOGO-GULT-1000x1000.png\" alt=\"\" width=\"370\" height=\"370\" srcset=\"https:\/\/www.salt.fo\/wp-content\/uploads\/2022\/04\/SALT-LOGO-GULT-1000x1000.png 1000w, https:\/\/www.salt.fo\/wp-content\/uploads\/2022\/04\/SALT-LOGO-GULT-1600x1600.png 1600w, https:\/\/www.salt.fo\/wp-content\/uploads\/2022\/04\/SALT-LOGO-GULT-150x150.png 150w, https:\/\/www.salt.fo\/wp-content\/uploads\/2022\/04\/SALT-LOGO-GULT-768x768.png 768w, https:\/\/www.salt.fo\/wp-content\/uploads\/2022\/04\/SALT-LOGO-GULT-200x200.png 200w, https:\/\/www.salt.fo\/wp-content\/uploads\/2022\/04\/SALT-LOGO-GULT-1536x1536.png 1536w, https:\/\/www.salt.fo\/wp-content\/uploads\/2022\/04\/SALT-LOGO-GULT-481x481.png 481w, https:\/\/www.salt.fo\/wp-content\/uploads\/2022\/04\/SALT-LOGO-GULT.png 2000w\" sizes=\"auto, (max-width: 370px) 100vw, 370px\" \/><\/p>\n<p style=\"text-align: center;\"><strong>CEO<\/strong>:<br \/>\n\u00d3lavur Rasmussen<br \/>\n+298 213013<\/p>\n<p style=\"text-align: center;\"><b>CO-Ordinator<\/b><br \/>\nR\u00f3i Einarsson<br \/>\nroi@salt.fo<br \/>\n+298 583523<\/p>\n<p style=\"text-align: center;\"><strong>Contact<\/strong>:\u00a0salt@salt.fo<\/p>\n<p style=\"text-align: center;\"><strong>Billings<\/strong>:\u00a0bokhald@salt.fo<\/p>\n<p style=\"text-align: center;\">\n","protected":false},"excerpt":{"rendered":"<p>SALT Drelnes 22 827 \u00d8rav\u00edk salt@salt.fo CEO: \u00d3lavur Rasmussen +298 213013 CO-Ordinator R\u00f3i Einarsson roi@salt.fo +298 583523 Contact:\u00a0salt@salt.fo Billings:\u00a0bokhald@salt.fo<\/p>\n","protected":false},"author":2,"featured_media":0,"parent":0,"menu_order":0,"comment_status":"closed","ping_status":"closed","template":"","meta":{"_acf_changed":false,"footnotes":"","_links_to":"","_links_to_target":""},"class_list":["post-316","page","type-page","status-publish","hentry"],"acf":[],"yoast_head":"<!-- This site is optimized with the Yoast SEO plugin v27.5 - https:\/\/yoast.com\/product\/yoast-seo-wordpress\/ -->\n<title>About - SALT<\/title>\n<meta name=\"robots\" content=\"index, follow, max-snippet:-1, max-image-preview:large, max-video-preview:-1\" \/>\n<link rel=\"canonical\" href=\"https:\/\/www.salt.fo\/en\/about\/\" \/>\n<meta property=\"og:locale\" content=\"en_US\" \/>\n<meta property=\"og:type\" content=\"article\" \/>\n<meta property=\"og:title\" content=\"About - SALT\" \/>\n<meta property=\"og:description\" content=\"SALT Drelnes 22 827 \u00d8rav\u00edk salt@salt.fo CEO: \u00d3lavur Rasmussen +298 213013 CO-Ordinator R\u00f3i Einarsson roi@salt.fo +298 583523 Contact:\u00a0salt@salt.fo Billings:\u00a0bokhald@salt.fo\" \/>\n<meta property=\"og:url\" content=\"https:\/\/www.salt.fo\/en\/about\/\" \/>\n<meta property=\"og:site_name\" content=\"SALT\" \/>\n<meta property=\"article:publisher\" content=\"https:\/\/www.facebook.com\/ProjektSALT\/\" \/>\n<meta property=\"article:modified_time\" content=\"2026-01-27T13:17:38+00:00\" \/>\n<meta property=\"og:image\" content=\"https:\/\/www.salt.fo\/wp-content\/uploads\/2022\/04\/SALT-LOGO-GULT.png\" \/>\n\t<meta property=\"og:image:width\" content=\"2000\" \/>\n\t<meta property=\"og:image:height\" content=\"2000\" \/>\n\t<meta property=\"og:image:type\" content=\"image\/png\" \/>\n<meta name=\"twitter:card\" content=\"summary_large_image\" \/>\n<meta name=\"twitter:label1\" content=\"Est. reading time\" \/>\n\t<meta name=\"twitter:data1\" content=\"1 minute\" \/>\n<script type=\"application\/ld+json\" class=\"yoast-schema-graph\">{\"@context\":\"https:\\\/\\\/schema.org\",\"@graph\":[{\"@type\":\"WebPage\",\"@id\":\"https:\\\/\\\/www.salt.fo\\\/en\\\/about\\\/\",\"url\":\"https:\\\/\\\/www.salt.fo\\\/en\\\/about\\\/\",\"name\":\"About - SALT\",\"isPartOf\":{\"@id\":\"https:\\\/\\\/www.salt.fo\\\/#website\"},\"primaryImageOfPage\":{\"@id\":\"https:\\\/\\\/www.salt.fo\\\/en\\\/about\\\/#primaryimage\"},\"image\":{\"@id\":\"https:\\\/\\\/www.salt.fo\\\/en\\\/about\\\/#primaryimage\"},\"thumbnailUrl\":\"https:\\\/\\\/www.salt.fo\\\/wp-content\\\/uploads\\\/2022\\\/04\\\/SALT-LOGO-GULT-1000x1000.png\",\"datePublished\":\"2018-04-11T08:23:59+00:00\",\"dateModified\":\"2026-01-27T13:17:38+00:00\",\"breadcrumb\":{\"@id\":\"https:\\\/\\\/www.salt.fo\\\/en\\\/about\\\/#breadcrumb\"},\"inLanguage\":\"en-US\",\"potentialAction\":[{\"@type\":\"ReadAction\",\"target\":[\"https:\\\/\\\/www.salt.fo\\\/en\\\/about\\\/\"]}]},{\"@type\":\"ImageObject\",\"inLanguage\":\"en-US\",\"@id\":\"https:\\\/\\\/www.salt.fo\\\/en\\\/about\\\/#primaryimage\",\"url\":\"https:\\\/\\\/www.salt.fo\\\/wp-content\\\/uploads\\\/2022\\\/04\\\/SALT-LOGO-GULT-1000x1000.png\",\"contentUrl\":\"https:\\\/\\\/www.salt.fo\\\/wp-content\\\/uploads\\\/2022\\\/04\\\/SALT-LOGO-GULT-1000x1000.png\"},{\"@type\":\"BreadcrumbList\",\"@id\":\"https:\\\/\\\/www.salt.fo\\\/en\\\/about\\\/#breadcrumb\",\"itemListElement\":[{\"@type\":\"ListItem\",\"position\":1,\"name\":\"Home\",\"item\":\"https:\\\/\\\/www.salt.fo\\\/\"},{\"@type\":\"ListItem\",\"position\":2,\"name\":\"About\"}]},{\"@type\":\"WebSite\",\"@id\":\"https:\\\/\\\/www.salt.fo\\\/#website\",\"url\":\"https:\\\/\\\/www.salt.fo\\\/\",\"name\":\"SALT\",\"description\":\"Sound Art Live Theatre\",\"potentialAction\":[{\"@type\":\"SearchAction\",\"target\":{\"@type\":\"EntryPoint\",\"urlTemplate\":\"https:\\\/\\\/www.salt.fo\\\/?s={search_term_string}\"},\"query-input\":{\"@type\":\"PropertyValueSpecification\",\"valueRequired\":true,\"valueName\":\"search_term_string\"}}],\"inLanguage\":\"en-US\"}]}<\/script>\n<!-- \/ Yoast SEO plugin. -->","yoast_head_json":{"title":"About - SALT","robots":{"index":"index","follow":"follow","max-snippet":"max-snippet:-1","max-image-preview":"max-image-preview:large","max-video-preview":"max-video-preview:-1"},"canonical":"https:\/\/www.salt.fo\/en\/about\/","og_locale":"en_US","og_type":"article","og_title":"About - SALT","og_description":"SALT Drelnes 22 827 \u00d8rav\u00edk salt@salt.fo CEO: \u00d3lavur Rasmussen +298 213013 CO-Ordinator R\u00f3i Einarsson roi@salt.fo +298 583523 Contact:\u00a0salt@salt.fo Billings:\u00a0bokhald@salt.fo","og_url":"https:\/\/www.salt.fo\/en\/about\/","og_site_name":"SALT","article_publisher":"https:\/\/www.facebook.com\/ProjektSALT\/","article_modified_time":"2026-01-27T13:17:38+00:00","og_image":[{"width":2000,"height":2000,"url":"https:\/\/www.salt.fo\/wp-content\/uploads\/2022\/04\/SALT-LOGO-GULT.png","type":"image\/png"}],"twitter_card":"summary_large_image","twitter_misc":{"Est. reading time":"1 minute"},"schema":{"@context":"https:\/\/schema.org","@graph":[{"@type":"WebPage","@id":"https:\/\/www.salt.fo\/en\/about\/","url":"https:\/\/www.salt.fo\/en\/about\/","name":"About - SALT","isPartOf":{"@id":"https:\/\/www.salt.fo\/#website"},"primaryImageOfPage":{"@id":"https:\/\/www.salt.fo\/en\/about\/#primaryimage"},"image":{"@id":"https:\/\/www.salt.fo\/en\/about\/#primaryimage"},"thumbnailUrl":"https:\/\/www.salt.fo\/wp-content\/uploads\/2022\/04\/SALT-LOGO-GULT-1000x1000.png","datePublished":"2018-04-11T08:23:59+00:00","dateModified":"2026-01-27T13:17:38+00:00","breadcrumb":{"@id":"https:\/\/www.salt.fo\/en\/about\/#breadcrumb"},"inLanguage":"en-US","potentialAction":[{"@type":"ReadAction","target":["https:\/\/www.salt.fo\/en\/about\/"]}]},{"@type":"ImageObject","inLanguage":"en-US","@id":"https:\/\/www.salt.fo\/en\/about\/#primaryimage","url":"https:\/\/www.salt.fo\/wp-content\/uploads\/2022\/04\/SALT-LOGO-GULT-1000x1000.png","contentUrl":"https:\/\/www.salt.fo\/wp-content\/uploads\/2022\/04\/SALT-LOGO-GULT-1000x1000.png"},{"@type":"BreadcrumbList","@id":"https:\/\/www.salt.fo\/en\/about\/#breadcrumb","itemListElement":[{"@type":"ListItem","position":1,"name":"Home","item":"https:\/\/www.salt.fo\/"},{"@type":"ListItem","position":2,"name":"About"}]},{"@type":"WebSite","@id":"https:\/\/www.salt.fo\/#website","url":"https:\/\/www.salt.fo\/","name":"SALT","description":"Sound Art Live Theatre","potentialAction":[{"@type":"SearchAction","target":{"@type":"EntryPoint","urlTemplate":"https:\/\/www.salt.fo\/?s={search_term_string}"},"query-input":{"@type":"PropertyValueSpecification","valueRequired":true,"valueName":"search_term_string"}}],"inLanguage":"en-US"}]}},"_links":{"self":[{"href":"https:\/\/www.salt.fo\/en\/wp-json\/wp\/v2\/pages\/316","targetHints":{"allow":["GET"]}}],"collection":[{"href":"https:\/\/www.salt.fo\/en\/wp-json\/wp\/v2\/pages"}],"about":[{"href":"https:\/\/www.salt.fo\/en\/wp-json\/wp\/v2\/types\/page"}],"author":[{"embeddable":true,"href":"https:\/\/www.salt.fo\/en\/wp-json\/wp\/v2\/users\/2"}],"replies":[{"embeddable":true,"href":"https:\/\/www.salt.fo\/en\/wp-json\/wp\/v2\/comments?post=316"}],"version-history":[{"count":11,"href":"https:\/\/www.salt.fo\/en\/wp-json\/wp\/v2\/pages\/316\/revisions"}],"predecessor-version":[{"id":6865,"href":"https:\/\/www.salt.fo\/en\/wp-json\/wp\/v2\/pages\/316\/revisions\/6865"}],"wp:attachment":[{"href":"https:\/\/www.salt.fo\/en\/wp-json\/wp\/v2\/media?parent=316"}],"curies":[{"name":"wp","href":"https:\/\/api.w.org\/{rel}","templated":true}]}}